{"id":91,"date":"2016-12-16T16:10:14","date_gmt":"2016-12-16T15:10:14","guid":{"rendered":"http:\/\/www.azabache-flamenco.de\/wordpress\/?page_id=91"},"modified":"2024-05-04T14:57:16","modified_gmt":"2024-05-04T12:57:16","slug":"konzerte","status":"publish","type":"page","link":"https:\/\/www.azabache-flamenco.de\/wordpress\/konzerte\/","title":{"rendered":"KONZERTE"},"content":{"rendered":"<div>\n<h2>azabache &#8211; Tour 2024 schon vorbei&#8230;.<\/h2>\n<h2><img data-recalc-dims=\"1\" loading=\"lazy\" decoding=\"async\" data-attachment-id=\"3226\" data-permalink=\"https:\/\/www.azabache-flamenco.de\/wordpress\/konzerte\/azabachephilharmonie\/\" data-orig-file=\"https:\/\/i0.wp.com\/www.azabache-flamenco.de\/wordpress\/wp-content\/uploads\/2024\/01\/azabachePhilharmonie.jpg?fit=434%2C601&amp;ssl=1\" data-orig-size=\"434,601\" data-comments-opened=\"0\" data-image-meta=\"{&quot;aperture&quot;:&quot;0&quot;,&quot;credit&quot;:&quot;&quot;,&quot;camera&quot;:&quot;&quot;,&quot;caption&quot;:&quot;&quot;,&quot;created_timestamp&quot;:&quot;0&quot;,&quot;copyright&quot;:&quot;&quot;,&quot;focal_length&quot;:&quot;0&quot;,&quot;iso&quot;:&quot;0&quot;,&quot;shutter_speed&quot;:&quot;0&quot;,&quot;title&quot;:&quot;&quot;,&quot;orientation&quot;:&quot;1&quot;}\" data-image-title=\"azabachePhilharmonie\" data-image-description=\"\" data-image-caption=\"&lt;p&gt;Toll war es!!&lt;\/p&gt;\n\" data-large-file=\"https:\/\/i0.wp.com\/www.azabache-flamenco.de\/wordpress\/wp-content\/uploads\/2024\/01\/azabachePhilharmonie.jpg?fit=434%2C601&amp;ssl=1\" class=\"alignnone size-medium wp-image-3226\" src=\"https:\/\/i0.wp.com\/www.azabache-flamenco.de\/wordpress\/wp-content\/uploads\/2024\/01\/azabachePhilharmonie.jpg?resize=217%2C300&#038;ssl=1\" alt=\"\" width=\"217\" height=\"300\" srcset=\"https:\/\/i0.wp.com\/www.azabache-flamenco.de\/wordpress\/wp-content\/uploads\/2024\/01\/azabachePhilharmonie.jpg?resize=217%2C300&amp;ssl=1 217w, https:\/\/i0.wp.com\/www.azabache-flamenco.de\/wordpress\/wp-content\/uploads\/2024\/01\/azabachePhilharmonie.jpg?w=434&amp;ssl=1 434w\" sizes=\"auto, (max-width: 217px) 100vw, 217px\" \/><\/h2>\n<\/div>\n<p>&nbsp;<\/p>\n","protected":false},"excerpt":{"rendered":"<p>azabache &#8211; Tour 2024 schon vorbei&#8230;. &nbsp;<\/p>\n","protected":false},"author":1,"featured_media":0,"parent":0,"menu_order":0,"comment_status":"closed","ping_status":"closed","template":"","meta":{"_bbp_topic_count":0,"_bbp_reply_count":0,"_bbp_total_topic_count":0,"_bbp_total_reply_count":0,"_bbp_voice_count":0,"_bbp_anonymous_reply_count":0,"_bbp_topic_count_hidden":0,"_bbp_reply_count_hidden":0,"_bbp_forum_subforum_count":0,"jetpack_post_was_ever_published":false,"footnotes":""},"class_list":["post-91","page","type-page","status-publish","hentry"],"jetpack_sharing_enabled":true,"jetpack_shortlink":"https:\/\/wp.me\/P8gvdT-1t","jetpack-related-posts":[{"id":643,"url":"https:\/\/www.azabache-flamenco.de\/wordpress\/vita-azabache\/","url_meta":{"origin":91,"position":0},"title":"Vita azabache Flamenco","author":"admin","date":"17. M\u00e4rz 2017","format":false,"excerpt":"2025 Sommer-Workshop\u00a0 \u201eKlein Bolonia\u201c zum sechsten Mal in Tacken, Brandenburg auf dem Hof von Guido El Tallo. Mit dabei Valle Monje und Luis El Peluca.\u00a0 Und nat\u00fcrlich Doris aus Eckernf\u00f6rde Recital in der kleinen, feinen Kirche von Tacken mit Luis (cante) und Valle\u00a0 (guitarra) Flamencoferien in Bolonia\u00a0 im Mai und\u2026","rel":"","context":"\u00c4hnlicher Beitrag","block_context":{"text":"\u00c4hnlicher Beitrag","link":""},"img":{"alt_text":"","src":"https:\/\/i0.wp.com\/www.azabache-flamenco.de\/wordpress\/wp-content\/uploads\/2026\/01\/Klein-Bolonia-2025-158-scaled.jpg?resize=350%2C200","width":350,"height":200,"srcset":"https:\/\/i0.wp.com\/www.azabache-flamenco.de\/wordpress\/wp-content\/uploads\/2026\/01\/Klein-Bolonia-2025-158-scaled.jpg?resize=350%2C200 1x, https:\/\/i0.wp.com\/www.azabache-flamenco.de\/wordpress\/wp-content\/uploads\/2026\/01\/Klein-Bolonia-2025-158-scaled.jpg?resize=525%2C300 1.5x, https:\/\/i0.wp.com\/www.azabache-flamenco.de\/wordpress\/wp-content\/uploads\/2026\/01\/Klein-Bolonia-2025-158-scaled.jpg?resize=700%2C400 2x, https:\/\/i0.wp.com\/www.azabache-flamenco.de\/wordpress\/wp-content\/uploads\/2026\/01\/Klein-Bolonia-2025-158-scaled.jpg?resize=1050%2C600 3x, https:\/\/i0.wp.com\/www.azabache-flamenco.de\/wordpress\/wp-content\/uploads\/2026\/01\/Klein-Bolonia-2025-158-scaled.jpg?resize=1400%2C800 4x"},"classes":[]},{"id":2230,"url":"https:\/\/www.azabache-flamenco.de\/wordpress\/media\/azabache-tv\/","url_meta":{"origin":91,"position":1},"title":"azabache TV","author":"admin","date":"21. Januar 2020","format":false,"excerpt":"\u00a0","rel":"","context":"\u00c4hnlicher Beitrag","block_context":{"text":"\u00c4hnlicher Beitrag","link":""},"img":{"alt_text":"","src":"","width":0,"height":0},"classes":[]},{"id":1445,"url":"https:\/\/www.azabache-flamenco.de\/wordpress\/ferien-de\/","url_meta":{"origin":91,"position":2},"title":"Flamencoferien in Bolonia","author":"admin","date":"6. Juli 2017","format":false,"excerpt":"Bolonia, Tarifa, Andalusien, direkt am Meer Das Projekt \u201eFlamencoferien in Bolonia\u201c entstand im Mai 1996. Im Mai 2026 feiern wir das Jubil\u00e4um \"30 Jahre Bolonia\"! Das spanische Bolonia ist wie ein kleines Paradies. Im Hostal \"Los Jerezanos\" f\u00fchlt man sich sehr schnell zu Hause und man ist \u00fcberrascht von der\u2026","rel":"","context":"\u00c4hnlicher Beitrag","block_context":{"text":"\u00c4hnlicher Beitrag","link":""},"img":{"alt_text":"","src":"https:\/\/i0.wp.com\/www.azabache-flamenco.de\/wordpress\/wp-content\/uploads\/2017\/03\/que_bueno_el_vino_fino.jpg?fit=756%2C640&ssl=1&resize=350%2C200","width":350,"height":200,"srcset":"https:\/\/i0.wp.com\/www.azabache-flamenco.de\/wordpress\/wp-content\/uploads\/2017\/03\/que_bueno_el_vino_fino.jpg?fit=756%2C640&ssl=1&resize=350%2C200 1x, https:\/\/i0.wp.com\/www.azabache-flamenco.de\/wordpress\/wp-content\/uploads\/2017\/03\/que_bueno_el_vino_fino.jpg?fit=756%2C640&ssl=1&resize=525%2C300 1.5x, https:\/\/i0.wp.com\/www.azabache-flamenco.de\/wordpress\/wp-content\/uploads\/2017\/03\/que_bueno_el_vino_fino.jpg?fit=756%2C640&ssl=1&resize=700%2C400 2x"},"classes":[]},{"id":696,"url":"https:\/\/www.azabache-flamenco.de\/wordpress\/pressefotos\/","url_meta":{"origin":91,"position":3},"title":"PRESSEFOTOS DOWNLOAD","author":"admin","date":"17. M\u00e4rz 2017","format":false,"excerpt":"Abdruck nur mit Nennung der Fotografen","rel":"","context":"\u00c4hnlicher Beitrag","block_context":{"text":"\u00c4hnlicher Beitrag","link":""},"img":{"alt_text":"azabache Flamenco: La Mona, Foto: Marko Priske","src":"https:\/\/i0.wp.com\/www.azabache-flamenco.de\/wordpress\/wp-content\/uploads\/2017\/03\/La-Mona-rot.jpg?resize=350%2C200","width":350,"height":200,"srcset":"https:\/\/i0.wp.com\/www.azabache-flamenco.de\/wordpress\/wp-content\/uploads\/2017\/03\/La-Mona-rot.jpg?resize=350%2C200 1x, https:\/\/i0.wp.com\/www.azabache-flamenco.de\/wordpress\/wp-content\/uploads\/2017\/03\/La-Mona-rot.jpg?resize=525%2C300 1.5x, https:\/\/i0.wp.com\/www.azabache-flamenco.de\/wordpress\/wp-content\/uploads\/2017\/03\/La-Mona-rot.jpg?resize=700%2C400 2x, https:\/\/i0.wp.com\/www.azabache-flamenco.de\/wordpress\/wp-content\/uploads\/2017\/03\/La-Mona-rot.jpg?resize=1050%2C600 3x"},"classes":[]},{"id":101,"url":"https:\/\/www.azabache-flamenco.de\/wordpress\/kontakt\/","url_meta":{"origin":91,"position":4},"title":"KONTAKT","author":"admin","date":"16. Dezember 2016","format":false,"excerpt":"azabache Flamenco Postadresse: F\u00fcrbringerstr. 12, 10961 Berlin Telefon: +49 30 \/ 6912017 Joelle Guerrero: +49 172 \/ 1879010 La Mona: +49 1577 \/ 9759074 E-Mail an azabache FLAMENCO:","rel":"","context":"\u00c4hnlicher Beitrag","block_context":{"text":"\u00c4hnlicher Beitrag","link":""},"img":{"alt_text":"","src":"","width":0,"height":0},"classes":[]},{"id":31,"url":"https:\/\/www.azabache-flamenco.de\/wordpress\/","url_meta":{"origin":91,"position":5},"title":"azabache FLAMENCO","author":"admin","date":"29. November 2016","format":false,"excerpt":"","rel":"","context":"\u00c4hnlicher Beitrag","block_context":{"text":"\u00c4hnlicher Beitrag","link":""},"img":{"alt_text":"","src":"","width":0,"height":0},"classes":[]}],"_links":{"self":[{"href":"https:\/\/www.azabache-flamenco.de\/wordpress\/wp-json\/wp\/v2\/pages\/91","targetHints":{"allow":["GET"]}}],"collection":[{"href":"https:\/\/www.azabache-flamenco.de\/wordpress\/wp-json\/wp\/v2\/pages"}],"about":[{"href":"https:\/\/www.azabache-flamenco.de\/wordpress\/wp-json\/wp\/v2\/types\/page"}],"author":[{"embeddable":true,"href":"https:\/\/www.azabache-flamenco.de\/wordpress\/wp-json\/wp\/v2\/users\/1"}],"replies":[{"embeddable":true,"href":"https:\/\/www.azabache-flamenco.de\/wordpress\/wp-json\/wp\/v2\/comments?post=91"}],"version-history":[{"count":61,"href":"https:\/\/www.azabache-flamenco.de\/wordpress\/wp-json\/wp\/v2\/pages\/91\/revisions"}],"predecessor-version":[{"id":3446,"href":"https:\/\/www.azabache-flamenco.de\/wordpress\/wp-json\/wp\/v2\/pages\/91\/revisions\/3446"}],"wp:attachment":[{"href":"https:\/\/www.azabache-flamenco.de\/wordpress\/wp-json\/wp\/v2\/media?parent=91"}],"curies":[{"name":"wp","href":"https:\/\/api.w.org\/{rel}","templated":true}]}}