{"id":308,"date":"2017-02-03T10:10:54","date_gmt":"2017-02-03T09:10:54","guid":{"rendered":"http:\/\/www.azabache-flamenco.de\/wordpress\/?page_id=308"},"modified":"2017-03-23T11:53:56","modified_gmt":"2017-03-23T10:53:56","slug":"videos","status":"publish","type":"page","link":"https:\/\/www.azabache-flamenco.de\/wordpress\/videos\/","title":{"rendered":"VIDEOS"},"content":{"rendered":"<p><span class=\"embed-youtube\" style=\"text-align:center; display: block;\"><iframe loading=\"lazy\" class=\"youtube-player\" width=\"525\" height=\"296\" src=\"https:\/\/www.youtube.com\/embed\/MCI5F9Q7Er4?version=3&#038;rel=1&#038;showsearch=0&#038;showinfo=1&#038;iv_load_policy=1&#038;fs=1&#038;hl=de-DE&#038;autohide=2&#038;wmode=transparent&#038;listType=playlist&#038;list=PLA597AE85478F82F8\" allowfullscreen=\"true\" style=\"border:0;\" sandbox=\"allow-scripts allow-same-origin allow-popups allow-presentation allow-popups-to-escape-sandbox\"><\/iframe><\/span><\/p>\n","protected":false},"excerpt":{"rendered":"","protected":false},"author":1,"featured_media":0,"parent":0,"menu_order":0,"comment_status":"closed","ping_status":"closed","template":"","meta":{"_bbp_topic_count":0,"_bbp_reply_count":0,"_bbp_total_topic_count":0,"_bbp_total_reply_count":0,"_bbp_voice_count":0,"_bbp_anonymous_reply_count":0,"_bbp_topic_count_hidden":0,"_bbp_reply_count_hidden":0,"_bbp_forum_subforum_count":0,"jetpack_post_was_ever_published":false,"footnotes":""},"class_list":["post-308","page","type-page","status-publish","hentry"],"jetpack_sharing_enabled":true,"jetpack_shortlink":"https:\/\/wp.me\/P8gvdT-4Y","jetpack-related-posts":[{"id":106,"url":"https:\/\/www.azabache-flamenco.de\/wordpress\/unterricht\/","url_meta":{"origin":308,"position":0},"title":"UNTERRICHT","author":"admin","date":"5. Januar 2017","format":false,"excerpt":"In Berlin mit Jo\u00eblle Guerrero Leichte Mittelstufe: \u00a0Dienstag 18-19 Uhr a comp\u00e1s Studio&Location Hasenheide 54, 10967 Berlin Info: 0172-187 9010 In Potsdam mit Jo\u00eblle Guerrero Neuer Anf\u00e4nger-Kurs ab November: Mittwoch 20:15 Uhr Anf\u00e4nger 2: Mittwoch 19:15 Uhr Mittelstufe: Donnerstag 18:30 Uhr Fortgeschrittene: Donnerstag 19:30 Uhr Waschhaus Potsdam Studiohaus Schiffbauergasse 4g\u2026","rel":"","context":"\u00c4hnlicher Beitrag","block_context":{"text":"\u00c4hnlicher Beitrag","link":""},"img":{"alt_text":"","src":"","width":0,"height":0},"classes":[]},{"id":2230,"url":"https:\/\/www.azabache-flamenco.de\/wordpress\/media\/azabache-tv\/","url_meta":{"origin":308,"position":1},"title":"azabache TV","author":"admin","date":"21. Januar 2020","format":false,"excerpt":"\u00a0","rel":"","context":"\u00c4hnlicher Beitrag","block_context":{"text":"\u00c4hnlicher Beitrag","link":""},"img":{"alt_text":"","src":"","width":0,"height":0},"classes":[]},{"id":1592,"url":"https:\/\/www.azabache-flamenco.de\/wordpress\/ferien-en\/","url_meta":{"origin":308,"position":2},"title":"Flamenco Course in Bolonia","author":"admin","date":"17. August 2017","format":false,"excerpt":"In Bolonia (Tarifa) on the south-west coast of Andalusia Dance, Guitar and Singing Workshop Our Projekt \u201eFlamencoferien\u201c started in May 1996. In May 2026 we will celebrate the anniversary \"30 years of Bolonia\"! Bolonia is like a small paradise. The owners from the Hostal are very kind and you can\u2026","rel":"","context":"\u00c4hnlicher Beitrag","block_context":{"text":"\u00c4hnlicher Beitrag","link":""},"img":{"alt_text":"","src":"https:\/\/i0.wp.com\/www.azabache-flamenco.de\/wordpress\/wp-content\/uploads\/2017\/05\/flamencoferien-008.jpg?resize=350%2C200","width":350,"height":200,"srcset":"https:\/\/i0.wp.com\/www.azabache-flamenco.de\/wordpress\/wp-content\/uploads\/2017\/05\/flamencoferien-008.jpg?resize=350%2C200 1x, https:\/\/i0.wp.com\/www.azabache-flamenco.de\/wordpress\/wp-content\/uploads\/2017\/05\/flamencoferien-008.jpg?resize=525%2C300 1.5x, https:\/\/i0.wp.com\/www.azabache-flamenco.de\/wordpress\/wp-content\/uploads\/2017\/05\/flamencoferien-008.jpg?resize=700%2C400 2x, https:\/\/i0.wp.com\/www.azabache-flamenco.de\/wordpress\/wp-content\/uploads\/2017\/05\/flamencoferien-008.jpg?resize=1050%2C600 3x"},"classes":[]},{"id":1445,"url":"https:\/\/www.azabache-flamenco.de\/wordpress\/ferien-de\/","url_meta":{"origin":308,"position":3},"title":"Flamencoferien in Bolonia","author":"admin","date":"6. Juli 2017","format":false,"excerpt":"Bolonia, Tarifa, Andalusien, direkt am Meer Das Projekt \u201eFlamencoferien in Bolonia\u201c entstand im Mai 1996. Im Mai 2026 feiern wir das Jubil\u00e4um \"30 Jahre Bolonia\"! Das spanische Bolonia ist wie ein kleines Paradies. Im Hostal \"Los Jerezanos\" f\u00fchlt man sich sehr schnell zu Hause und man ist \u00fcberrascht von der\u2026","rel":"","context":"\u00c4hnlicher Beitrag","block_context":{"text":"\u00c4hnlicher Beitrag","link":""},"img":{"alt_text":"","src":"https:\/\/i0.wp.com\/www.azabache-flamenco.de\/wordpress\/wp-content\/uploads\/2017\/03\/que_bueno_el_vino_fino.jpg?fit=756%2C640&ssl=1&resize=350%2C200","width":350,"height":200,"srcset":"https:\/\/i0.wp.com\/www.azabache-flamenco.de\/wordpress\/wp-content\/uploads\/2017\/03\/que_bueno_el_vino_fino.jpg?fit=756%2C640&ssl=1&resize=350%2C200 1x, https:\/\/i0.wp.com\/www.azabache-flamenco.de\/wordpress\/wp-content\/uploads\/2017\/03\/que_bueno_el_vino_fino.jpg?fit=756%2C640&ssl=1&resize=525%2C300 1.5x, https:\/\/i0.wp.com\/www.azabache-flamenco.de\/wordpress\/wp-content\/uploads\/2017\/03\/que_bueno_el_vino_fino.jpg?fit=756%2C640&ssl=1&resize=700%2C400 2x"},"classes":[]},{"id":1580,"url":"https:\/\/www.azabache-flamenco.de\/wordpress\/ferien-es\/","url_meta":{"origin":308,"position":4},"title":"Cursillo de Flamenco en Bolonia","author":"admin","date":"17. August 2017","format":false,"excerpt":"Cursillo de Flamenco en Bolonia Andaluc\u00eda, directamente en la playa, Dance, Guitar and Singing Workshop Estimados amigos del Flamenco, bienvenidos a nuestra pagina. Hemos empezado nuestro proyecto \u201cFlamencoferien\u201d in Bolonia en mayo 1996. \u00a1En mayo de 2026 celebraremos el aniversario \"30 a\u00f1os de Bolonia\"! Desde entonces tiene lugar 2 veces\u2026","rel":"","context":"\u00c4hnlicher Beitrag","block_context":{"text":"\u00c4hnlicher Beitrag","link":""},"img":{"alt_text":"","src":"https:\/\/i0.wp.com\/www.azabache-flamenco.de\/wordpress\/wp-content\/uploads\/2017\/05\/flamencoferien-008.jpg?resize=350%2C200","width":350,"height":200,"srcset":"https:\/\/i0.wp.com\/www.azabache-flamenco.de\/wordpress\/wp-content\/uploads\/2017\/05\/flamencoferien-008.jpg?resize=350%2C200 1x, https:\/\/i0.wp.com\/www.azabache-flamenco.de\/wordpress\/wp-content\/uploads\/2017\/05\/flamencoferien-008.jpg?resize=525%2C300 1.5x, https:\/\/i0.wp.com\/www.azabache-flamenco.de\/wordpress\/wp-content\/uploads\/2017\/05\/flamencoferien-008.jpg?resize=700%2C400 2x, https:\/\/i0.wp.com\/www.azabache-flamenco.de\/wordpress\/wp-content\/uploads\/2017\/05\/flamencoferien-008.jpg?resize=1050%2C600 3x"},"classes":[]},{"id":1768,"url":"https:\/\/www.azabache-flamenco.de\/wordpress\/datenschutz\/","url_meta":{"origin":308,"position":5},"title":"Datenschutzerkl\u00e4rung","author":"admin","date":"25. Mai 2018","format":false,"excerpt":"DATENSCHUTZ 1. Datenschutz auf einen Blick Allgemeine Hinweise Die folgenden Hinweise geben einen einfachen \u00dcberblick dar\u00fcber, was mit Ihren personenbezogenen Daten passiert, wenn Sie unsere Website besuchen. Personenbezogene Daten sind alle Daten, mit denen Sie pers\u00f6nlich identifiziert werden k\u00f6nnen. Ausf\u00fchrliche Informationen zum Thema Datenschutz entnehmen Sie unserer unter diesem Text\u2026","rel":"","context":"\u00c4hnlicher Beitrag","block_context":{"text":"\u00c4hnlicher Beitrag","link":""},"img":{"alt_text":"","src":"","width":0,"height":0},"classes":[]}],"_links":{"self":[{"href":"https:\/\/www.azabache-flamenco.de\/wordpress\/wp-json\/wp\/v2\/pages\/308","targetHints":{"allow":["GET"]}}],"collection":[{"href":"https:\/\/www.azabache-flamenco.de\/wordpress\/wp-json\/wp\/v2\/pages"}],"about":[{"href":"https:\/\/www.azabache-flamenco.de\/wordpress\/wp-json\/wp\/v2\/types\/page"}],"author":[{"embeddable":true,"href":"https:\/\/www.azabache-flamenco.de\/wordpress\/wp-json\/wp\/v2\/users\/1"}],"replies":[{"embeddable":true,"href":"https:\/\/www.azabache-flamenco.de\/wordpress\/wp-json\/wp\/v2\/comments?post=308"}],"version-history":[{"count":4,"href":"https:\/\/www.azabache-flamenco.de\/wordpress\/wp-json\/wp\/v2\/pages\/308\/revisions"}],"predecessor-version":[{"id":829,"href":"https:\/\/www.azabache-flamenco.de\/wordpress\/wp-json\/wp\/v2\/pages\/308\/revisions\/829"}],"wp:attachment":[{"href":"https:\/\/www.azabache-flamenco.de\/wordpress\/wp-json\/wp\/v2\/media?parent=308"}],"curies":[{"name":"wp","href":"https:\/\/api.w.org\/{rel}","templated":true}]}}