{"id":226,"date":"2017-01-05T18:41:48","date_gmt":"2017-01-05T17:41:48","guid":{"rendered":"http:\/\/www.azabache-flamenco.de\/wordpress\/?page_id=226"},"modified":"2026-03-22T18:50:41","modified_gmt":"2026-03-22T17:50:41","slug":"termine","status":"publish","type":"page","link":"https:\/\/www.azabache-flamenco.de\/wordpress\/termine\/","title":{"rendered":"TERMINE"},"content":{"rendered":"<p style=\"text-align: center;\"><strong>25. April 2026<\/strong><br \/>\n<a href=\"https:\/\/www.azabache-flamenco.de\/wordpress\/workshops\/\">Workshop<\/a> mit Joelle Guerrero in Potsdam<\/p>\n<p style=\"text-align: center;\"><strong>9.\/10. Mai 2026<\/strong><br \/>\n<a href=\"https:\/\/www.azabache-flamenco.de\/wordpress\/workshops\/\">Workshop<\/a> mit La Mona in Ulm<\/p>\n<p style=\"text-align: center;\"><strong>19.-29. Mai 2026<\/strong><\/p>\n<p style=\"text-align: center;\">Flamenco-Ferien\u00a0 in Bolonia, Andalusien<\/p>\n<p style=\"text-align: center;\"><strong>8.-12. Juli 2026<\/strong><\/p>\n<p style=\"text-align: center;\"><a href=\"https:\/\/www.azabache-flamenco.de\/wordpress\/workshops\/\">Workshop<\/a> mit azabache in Tacken \/ Brandenburg<\/p>\n<p style=\"text-align: center;\"><strong>22. Sept. &#8211; 2. Okt. 2026<\/strong><\/p>\n<p style=\"text-align: center;\">Flamenco-Ferien\u00a0 in Bolonia, Andalusien<\/p>\n<hr \/>\n<p class=\"jetpack-slideshow-noscript robots-nocontent\">Diese Diashow ben\u00f6tigt JavaScript.<\/p><div id=\"gallery-226-1-slideshow\" class=\"jetpack-slideshow-window jetpack-slideshow jetpack-slideshow-black\" data-trans=\"fade\" data-autostart=\"1\" data-gallery=\"[{&quot;src&quot;:&quot;https:\\\/\\\/i0.wp.com\\\/www.azabache-flamenco.de\\\/wordpress\\\/wp-content\\\/uploads\\\/2024\\\/01\\\/IMG-20230928-WA0048.jpg?fit=1802%2C2048\\u0026ssl=1&quot;,&quot;id&quot;:&quot;3256&quot;,&quot;title&quot;:&quot;IMG-20230928-WA0048&quot;,&quot;alt&quot;:&quot;&quot;,&quot;caption&quot;:&quot;Flamencoferien in Andalusien&quot;,&quot;itemprop&quot;:&quot;image&quot;},{&quot;src&quot;:&quot;https:\\\/\\\/i0.wp.com\\\/www.azabache-flamenco.de\\\/wordpress\\\/wp-content\\\/uploads\\\/2025\\\/01\\\/Flyer-30-01-24-1_2BBBBBBBBBBBBBBBB.jpg?fit=1236%2C1748\\u0026ssl=1&quot;,&quot;id&quot;:&quot;3819&quot;,&quot;title&quot;:&quot;Flyer 30-01-24-1_2BBBBBBBBBBBBBBBB&quot;,&quot;alt&quot;:&quot;&quot;,&quot;caption&quot;:&quot;1994-2024&quot;,&quot;itemprop&quot;:&quot;image&quot;},{&quot;src&quot;:&quot;https:\\\/\\\/i0.wp.com\\\/www.azabache-flamenco.de\\\/wordpress\\\/wp-content\\\/uploads\\\/2024\\\/01\\\/azabachePhilharmonie.jpg?fit=434%2C601\\u0026ssl=1&quot;,&quot;id&quot;:&quot;3226&quot;,&quot;title&quot;:&quot;azabachePhilharmonie&quot;,&quot;alt&quot;:&quot;&quot;,&quot;caption&quot;:&quot;Toll war es!!&quot;,&quot;itemprop&quot;:&quot;image&quot;},{&quot;src&quot;:&quot;https:\\\/\\\/i0.wp.com\\\/www.azabache-flamenco.de\\\/wordpress\\\/wp-content\\\/uploads\\\/2024\\\/05\\\/Aza30Leipzig.jpg?fit=900%2C900\\u0026ssl=1&quot;,&quot;id&quot;:&quot;3443&quot;,&quot;title&quot;:&quot;Aza30Leipzig&quot;,&quot;alt&quot;:&quot;&quot;,&quot;caption&quot;:&quot;Konzert in Leipzig&quot;,&quot;itemprop&quot;:&quot;image&quot;},{&quot;src&quot;:&quot;https:\\\/\\\/i0.wp.com\\\/www.azabache-flamenco.de\\\/wordpress\\\/wp-content\\\/uploads\\\/2024\\\/05\\\/Aza30HH.jpg?fit=2048%2C1365\\u0026ssl=1&quot;,&quot;id&quot;:&quot;3442&quot;,&quot;title&quot;:&quot;Aza30HH&quot;,&quot;alt&quot;:&quot;&quot;,&quot;caption&quot;:&quot;Konzert in Hamburg&quot;,&quot;itemprop&quot;:&quot;image&quot;},{&quot;src&quot;:&quot;https:\\\/\\\/i0.wp.com\\\/www.azabache-flamenco.de\\\/wordpress\\\/wp-content\\\/uploads\\\/2025\\\/01\\\/IMG_20240421_184141.jpg?fit=1271%2C756\\u0026ssl=1&quot;,&quot;id&quot;:&quot;3818&quot;,&quot;title&quot;:&quot;IMG_20240421_184141&quot;,&quot;alt&quot;:&quot;&quot;,&quot;caption&quot;:&quot;30Jahre Jubil\\u00e4ums-Konzert in der Philharmonie Berlin&quot;,&quot;itemprop&quot;:&quot;image&quot;}]\" itemscope itemtype=\"https:\/\/schema.org\/ImageGallery\"><\/div>\n<p>&nbsp;<\/p>\n","protected":false},"excerpt":{"rendered":"<p>25. April 2026 Workshop mit Joelle Guerrero in Potsdam 9.\/10. Mai 2026 Workshop mit La Mona in Ulm 19.-29. Mai 2026 Flamenco-Ferien\u00a0 in Bolonia, Andalusien 8.-12. Juli 2026 Workshop mit azabache in Tacken \/ Brandenburg 22. Sept. &#8211; 2. Okt. 2026 Flamenco-Ferien\u00a0 in Bolonia, Andalusien &nbsp;<\/p>\n","protected":false},"author":1,"featured_media":0,"parent":0,"menu_order":0,"comment_status":"closed","ping_status":"closed","template":"","meta":{"_bbp_topic_count":0,"_bbp_reply_count":0,"_bbp_total_topic_count":0,"_bbp_total_reply_count":0,"_bbp_voice_count":0,"_bbp_anonymous_reply_count":0,"_bbp_topic_count_hidden":0,"_bbp_reply_count_hidden":0,"_bbp_forum_subforum_count":0,"jetpack_post_was_ever_published":false,"footnotes":""},"class_list":["post-226","page","type-page","status-publish","hentry"],"jetpack_sharing_enabled":true,"jetpack_shortlink":"https:\/\/wp.me\/P8gvdT-3E","jetpack-related-posts":[{"id":1445,"url":"https:\/\/www.azabache-flamenco.de\/wordpress\/ferien-de\/","url_meta":{"origin":226,"position":0},"title":"Flamencoferien in Bolonia","author":"admin","date":"6. Juli 2017","format":false,"excerpt":"Bolonia, Tarifa, Andalusien, direkt am Meer Das Projekt \u201eFlamencoferien in Bolonia\u201c entstand im Mai 1996. Im Mai 2026 feiern wir das Jubil\u00e4um \"30 Jahre Bolonia\"! Das spanische Bolonia ist wie ein kleines Paradies. Im Hostal \"Los Jerezanos\" f\u00fchlt man sich sehr schnell zu Hause und man ist \u00fcberrascht von der\u2026","rel":"","context":"\u00c4hnlicher Beitrag","block_context":{"text":"\u00c4hnlicher Beitrag","link":""},"img":{"alt_text":"","src":"https:\/\/i0.wp.com\/www.azabache-flamenco.de\/wordpress\/wp-content\/uploads\/2017\/03\/que_bueno_el_vino_fino.jpg?fit=756%2C640&ssl=1&resize=350%2C200","width":350,"height":200,"srcset":"https:\/\/i0.wp.com\/www.azabache-flamenco.de\/wordpress\/wp-content\/uploads\/2017\/03\/que_bueno_el_vino_fino.jpg?fit=756%2C640&ssl=1&resize=350%2C200 1x, https:\/\/i0.wp.com\/www.azabache-flamenco.de\/wordpress\/wp-content\/uploads\/2017\/03\/que_bueno_el_vino_fino.jpg?fit=756%2C640&ssl=1&resize=525%2C300 1.5x, https:\/\/i0.wp.com\/www.azabache-flamenco.de\/wordpress\/wp-content\/uploads\/2017\/03\/que_bueno_el_vino_fino.jpg?fit=756%2C640&ssl=1&resize=700%2C400 2x"},"classes":[]},{"id":643,"url":"https:\/\/www.azabache-flamenco.de\/wordpress\/vita-azabache\/","url_meta":{"origin":226,"position":1},"title":"Vita azabache Flamenco","author":"admin","date":"17. M\u00e4rz 2017","format":false,"excerpt":"2025 Sommer-Workshop\u00a0 \u201eKlein Bolonia\u201c zum sechsten Mal in Tacken, Brandenburg auf dem Hof von Guido El Tallo. Mit dabei Valle Monje und Luis El Peluca.\u00a0 Und nat\u00fcrlich Doris aus Eckernf\u00f6rde Recital in der kleinen, feinen Kirche von Tacken mit Luis (cante) und Valle\u00a0 (guitarra) Flamencoferien in Bolonia\u00a0 im Mai und\u2026","rel":"","context":"\u00c4hnlicher Beitrag","block_context":{"text":"\u00c4hnlicher Beitrag","link":""},"img":{"alt_text":"","src":"https:\/\/i0.wp.com\/www.azabache-flamenco.de\/wordpress\/wp-content\/uploads\/2026\/01\/Klein-Bolonia-2025-158-scaled.jpg?resize=350%2C200","width":350,"height":200,"srcset":"https:\/\/i0.wp.com\/www.azabache-flamenco.de\/wordpress\/wp-content\/uploads\/2026\/01\/Klein-Bolonia-2025-158-scaled.jpg?resize=350%2C200 1x, https:\/\/i0.wp.com\/www.azabache-flamenco.de\/wordpress\/wp-content\/uploads\/2026\/01\/Klein-Bolonia-2025-158-scaled.jpg?resize=525%2C300 1.5x, https:\/\/i0.wp.com\/www.azabache-flamenco.de\/wordpress\/wp-content\/uploads\/2026\/01\/Klein-Bolonia-2025-158-scaled.jpg?resize=700%2C400 2x, https:\/\/i0.wp.com\/www.azabache-flamenco.de\/wordpress\/wp-content\/uploads\/2026\/01\/Klein-Bolonia-2025-158-scaled.jpg?resize=1050%2C600 3x, https:\/\/i0.wp.com\/www.azabache-flamenco.de\/wordpress\/wp-content\/uploads\/2026\/01\/Klein-Bolonia-2025-158-scaled.jpg?resize=1400%2C800 4x"},"classes":[]},{"id":1592,"url":"https:\/\/www.azabache-flamenco.de\/wordpress\/ferien-en\/","url_meta":{"origin":226,"position":2},"title":"Flamenco Course in Bolonia","author":"admin","date":"17. August 2017","format":false,"excerpt":"In Bolonia (Tarifa) on the south-west coast of Andalusia Dance, Guitar and Singing Workshop Our Projekt \u201eFlamencoferien\u201c started in May 1996. In May 2026 we will celebrate the anniversary \"30 years of Bolonia\"! Bolonia is like a small paradise. The owners from the Hostal are very kind and you can\u2026","rel":"","context":"\u00c4hnlicher Beitrag","block_context":{"text":"\u00c4hnlicher Beitrag","link":""},"img":{"alt_text":"","src":"https:\/\/i0.wp.com\/www.azabache-flamenco.de\/wordpress\/wp-content\/uploads\/2017\/05\/flamencoferien-008.jpg?resize=350%2C200","width":350,"height":200,"srcset":"https:\/\/i0.wp.com\/www.azabache-flamenco.de\/wordpress\/wp-content\/uploads\/2017\/05\/flamencoferien-008.jpg?resize=350%2C200 1x, https:\/\/i0.wp.com\/www.azabache-flamenco.de\/wordpress\/wp-content\/uploads\/2017\/05\/flamencoferien-008.jpg?resize=525%2C300 1.5x, https:\/\/i0.wp.com\/www.azabache-flamenco.de\/wordpress\/wp-content\/uploads\/2017\/05\/flamencoferien-008.jpg?resize=700%2C400 2x, https:\/\/i0.wp.com\/www.azabache-flamenco.de\/wordpress\/wp-content\/uploads\/2017\/05\/flamencoferien-008.jpg?resize=1050%2C600 3x"},"classes":[]},{"id":1580,"url":"https:\/\/www.azabache-flamenco.de\/wordpress\/ferien-es\/","url_meta":{"origin":226,"position":3},"title":"Cursillo de Flamenco en Bolonia","author":"admin","date":"17. August 2017","format":false,"excerpt":"Cursillo de Flamenco en Bolonia Andaluc\u00eda, directamente en la playa, Dance, Guitar and Singing Workshop Estimados amigos del Flamenco, bienvenidos a nuestra pagina. Hemos empezado nuestro proyecto \u201cFlamencoferien\u201d in Bolonia en mayo 1996. \u00a1En mayo de 2026 celebraremos el aniversario \"30 a\u00f1os de Bolonia\"! Desde entonces tiene lugar 2 veces\u2026","rel":"","context":"\u00c4hnlicher Beitrag","block_context":{"text":"\u00c4hnlicher Beitrag","link":""},"img":{"alt_text":"","src":"https:\/\/i0.wp.com\/www.azabache-flamenco.de\/wordpress\/wp-content\/uploads\/2017\/05\/flamencoferien-008.jpg?resize=350%2C200","width":350,"height":200,"srcset":"https:\/\/i0.wp.com\/www.azabache-flamenco.de\/wordpress\/wp-content\/uploads\/2017\/05\/flamencoferien-008.jpg?resize=350%2C200 1x, https:\/\/i0.wp.com\/www.azabache-flamenco.de\/wordpress\/wp-content\/uploads\/2017\/05\/flamencoferien-008.jpg?resize=525%2C300 1.5x, https:\/\/i0.wp.com\/www.azabache-flamenco.de\/wordpress\/wp-content\/uploads\/2017\/05\/flamencoferien-008.jpg?resize=700%2C400 2x, https:\/\/i0.wp.com\/www.azabache-flamenco.de\/wordpress\/wp-content\/uploads\/2017\/05\/flamencoferien-008.jpg?resize=1050%2C600 3x"},"classes":[]},{"id":104,"url":"https:\/\/www.azabache-flamenco.de\/wordpress\/workshops\/","url_meta":{"origin":226,"position":4},"title":"WORKSHOPS","author":"admin","date":"5. Januar 2017","format":false,"excerpt":"Potsdam mit Joelle Guerrero 25. April 2026 Technik und Gesang im Studiohaus, Schiffbauergasse 4g , Waschhaus Potsdam Technik1 \u00a011.30-12.30h\u00a0 Gesang\u00a0 12.30-13.30h\u00a0 Technik2 \u00a013:45-14:45h Verbindliche Anmeldung:\u00a0 joelle.guerrero@web.de Info: 0172\/1879010 Ulm mit La Mona 9.&10.Mai 2026 Infos folgen... Tacken (Priegnitz) Brandenburg 8.-12. Juli 2026 mit Joelle Guerrero & La Mona (Tanz), Isabel\u2026","rel":"","context":"\u00c4hnlicher Beitrag","block_context":{"text":"\u00c4hnlicher Beitrag","link":""},"img":{"alt_text":"","src":"","width":0,"height":0},"classes":[]},{"id":687,"url":"https:\/\/www.azabache-flamenco.de\/wordpress\/presse\/","url_meta":{"origin":226,"position":5},"title":"PRESSE","author":"admin","date":"17. M\u00e4rz 2017","format":false,"excerpt":"Pressestimmen Flamenco ist keine Folklore, sondern ein Lebensgef\u00fchl - PURA VIDA holt es nach Berlin.Berliner Zeitung Temperamentvolle T\u00e4nze und leidenschaftliche Flamenco-Musik begeisterte das Publikum...Hamburger Abendblatt PURA VIDA verzauberte mit feurigem Flamenco!Ahrensberger Zeitung PURA VIDA brachte reine Lebensfreude in den prallgef\u00fcllten Raum...Badische Zeitung Spanische Kultur vom Feinsten begeisterte das Publikum...Mittelbadische Presse\u2026","rel":"","context":"\u00c4hnlicher Beitrag","block_context":{"text":"\u00c4hnlicher Beitrag","link":""},"img":{"alt_text":"","src":"","width":0,"height":0},"classes":[]}],"_links":{"self":[{"href":"https:\/\/www.azabache-flamenco.de\/wordpress\/wp-json\/wp\/v2\/pages\/226","targetHints":{"allow":["GET"]}}],"collection":[{"href":"https:\/\/www.azabache-flamenco.de\/wordpress\/wp-json\/wp\/v2\/pages"}],"about":[{"href":"https:\/\/www.azabache-flamenco.de\/wordpress\/wp-json\/wp\/v2\/types\/page"}],"author":[{"embeddable":true,"href":"https:\/\/www.azabache-flamenco.de\/wordpress\/wp-json\/wp\/v2\/users\/1"}],"replies":[{"embeddable":true,"href":"https:\/\/www.azabache-flamenco.de\/wordpress\/wp-json\/wp\/v2\/comments?post=226"}],"version-history":[{"count":114,"href":"https:\/\/www.azabache-flamenco.de\/wordpress\/wp-json\/wp\/v2\/pages\/226\/revisions"}],"predecessor-version":[{"id":4525,"href":"https:\/\/www.azabache-flamenco.de\/wordpress\/wp-json\/wp\/v2\/pages\/226\/revisions\/4525"}],"wp:attachment":[{"href":"https:\/\/www.azabache-flamenco.de\/wordpress\/wp-json\/wp\/v2\/media?parent=226"}],"curies":[{"name":"wp","href":"https:\/\/api.w.org\/{rel}","templated":true}]}}