{"id":2230,"date":"2020-01-21T10:39:52","date_gmt":"2020-01-21T09:39:52","guid":{"rendered":"https:\/\/www.azabache-flamenco.de\/wordpress\/?page_id=2230"},"modified":"2020-05-26T11:16:31","modified_gmt":"2020-05-26T09:16:31","slug":"azabache-tv","status":"publish","type":"page","link":"https:\/\/www.azabache-flamenco.de\/wordpress\/media\/azabache-tv\/","title":{"rendered":"azabache TV"},"content":{"rendered":"<p><span class=\"\"><div class=\"su-accordion su-u-trim\"><div class=\"su-spoiler su-spoiler-style-default su-spoiler-icon-chevron su-spoiler-closed\" data-scroll-offset=\"0\" data-anchor-in-url=\"no\"><div class=\"su-spoiler-title\" tabindex=\"0\" role=\"button\"><span class=\"su-spoiler-icon\"><\/span>Im April 2019 begannen wir mit AZABACHE TV. <\/div><div class=\"su-spoiler-content su-u-clearfix su-u-trim\">\n<\/span><span class=\"\">Jeden Samstag eine Folge, in der wir \u00fcber unsere 25 gemeinsamen Flamenco-Jahre erz\u00e4hlten. Diese Retrospektive (1994-2019) endete mit unserem gro\u00dfen Jubil\u00e4ums-Konzert im Babylon-Kino in Berlin am 26.Oktober 2016.<br class=\"\" \/>Es war toll sich an all die Konzerte und Reisen zu erinnern. So viele Videos und Fotos, Begegnungen und Anekdoten\u2026<br class=\"\" \/>Hier alle Videos zum Nachschauen:<br class=\"\" \/>TV 1 bis TV 29 &#8211; Retrospektive, die beiden Spezial-Videos des Konzert-Abends, sowie ein Dankesch\u00f6n-Video und Aufnahmen des Konzertes.\u00a0<br class=\"\" \/>Es macht uns soviel Spa\u00df, da\u00df wir weitermachen mit azabache TV, allerdings nur noch einmal im Monat. Lasst Euch \u00fcberraschen, wir haben noch so viel zu erz\u00e4hlen!<\/span><span class=\"\"><\/div><\/div> <\/span><\/p>\n<p><span class=\"\"><div class=\"su-spoiler su-spoiler-style-default su-spoiler-icon-chevron su-spoiler-closed\" data-scroll-offset=\"0\" data-anchor-in-url=\"no\"><div class=\"su-spoiler-title\" tabindex=\"0\" role=\"button\"><span class=\"su-spoiler-icon\"><\/span><em>Empezamos en abril 2019 nuestro nuevo proyecto de AZABACHE TV ,<\/em><\/div><div class=\"su-spoiler-content su-u-clearfix su-u-trim\">\n<\/span><em><span class=\"\">el enlace fue nuestro concierto de aniversario que iba a tener lugar en octubre en el Cine Babylon en Berlin para celebrar nuestra vida Flamenca desde la creaci\u00f3n del grupo en 1994. Decidimos hacer una retrospectiva (1994 &#8211; 2019) 25 a\u00f1os en 25 semanas, un video cada s\u00e1bado hasta llegar al concierto del 26. de octubre.\u00a0<\/span><\/em><br class=\"\" \/><em><span class=\"\">Fue una experiencia muy bonita recordar el camino recorrido con fotos, videos, anecdotas&#8230; Tantos acontecimientos, tantos encuentros!<\/span><\/em><br class=\"\" \/><em><span class=\"\">Del Nr 1 al Nr 29: Retrospectiva, incluyendo 2 videos especial del dia del concierto, un video de agradecimiento y otro hablando del concierto de aniversario.<\/span><\/em><br class=\"\" \/><em><span class=\"\">Al final acabamos enganchandonos nosotras! ahahahaha y decidimos seguir con el proyecto AZABACHE TV, no cada semana sino un video al mes porque tenemos muchiiiiisimo que contar!<br \/>\n<\/span><\/em><span class=\"\"><\/div><\/div> <\/div><\/span><br class=\"\" \/><em><span class=\"\">\u00a0<\/span><\/em>\n            <div \n                class=\"elfsight-widget-youtube-gallery elfsight-widget\" \n                data-elfsight-youtube-gallery-options=\"%7B%22channel%22%3A%22https%3A%5C%2F%5C%2Fwww.youtube.com%5C%2Fuser%5C%2Fazabachex9%22%2C%22sourceGroups%22%3A%5B%7B%22name%22%3A%22azabache%20Tv%22%2C%22sources%22%3A%5B%22https%3A%5C%2F%5C%2Fwww.youtube.com%5C%2Fplaylist%3Flist%3DPLmGSoM6N9czT7wbpawl7mQPza85mCjivF%22%5D%7D%5D%2C%22headerVisible%22%3Afalse%2C%22headerLayout%22%3A%22minimal%22%2C%22headerInfo%22%3A%5B%22subscribeButton%22%5D%2C%22headerChannelName%22%3Anull%2C%22headerChannelDescription%22%3Anull%2C%22headerChannelLogo%22%3Anull%2C%22headerChannelBanner%22%3Anull%2C%22contentColumns%22%3A3%2C%22contentRows%22%3A11%2C%22contentGutter%22%3A10%2C%22contentResponsive%22%3A%5B%7B%22minWidth%22%3A375%2C%22columns%22%3A1%2C%22rows%22%3A1%2C%22gutter%22%3A%2220%22%7D%2C%7B%22minWidth%22%3A768%2C%22columns%22%3A2%2C%22rows%22%3A1%2C%22gutter%22%3A%2220%22%7D%5D%2C%22width%22%3A%22auto%22%2C%22videoLayout%22%3A%22classic%22%2C%22videoInfo%22%3A%5B%22playIcon%22%2C%22duration%22%2C%22title%22%2C%22date%22%2C%22description%22%5D%2C%22videoPlayMode%22%3A%22popup%22%2C%22popupInfo%22%3A%5B%22channelLogo%22%2C%22subscribeButton%22%2C%22description%22%2C%22descriptionMoreButton%22%2C%22share%22%2C%22likesRatio%22%5D%2C%22popupAutoplay%22%3Atrue%2C%22contentDirection%22%3A%22vertical%22%2C%22contentArrowsControl%22%3Atrue%2C%22contentScrollControl%22%3Afalse%2C%22contentDragControl%22%3Atrue%2C%22contentPaginationControl%22%3Atrue%2C%22contentScrollbar%22%3Afalse%2C%22contentSearch%22%3Afalse%2C%22contentDivider1%22%3Anull%2C%22contentTransitionSpeed%22%3A600%2C%22contentTransitionEffect%22%3A%22slide%22%2C%22contentFreeMode%22%3Afalse%2C%22contentDivider2%22%3Anull%2C%22contentAuto%22%3A0%2C%22contentAutoPauseOnHover%22%3Afalse%2C%22colorScheme%22%3A%22dark%22%2C%22colorHeaderBg%22%3A%22rgb%2851%2C%2051%2C%2051%29%22%2C%22colorHeaderBannerOverlay%22%3A%22rgba%2851%2C%2051%2C%2051%2C%200.81%29%22%2C%22colorHeaderChannelName%22%3A%22rgb%28255%2C%20255%2C%20255%29%22%2C%22colorHeaderChannelNameHover%22%3A%22rgb%2877%2C%20178%2C%20255%29%22%2C%22colorHeaderChannelDescription%22%3A%22rgb%28255%2C%20255%2C%20255%29%22%2C%22colorHeaderAnchor%22%3A%22rgb%2877%2C%20178%2C%20255%29%22%2C%22colorHeaderAnchorHover%22%3A%22rgb%28255%2C%20255%2C%20255%29%22%2C%22colorHeaderCounters%22%3A%22rgb%28160%2C%20160%2C%20160%29%22%2C%22colorGroupsBg%22%3A%22rgb%2851%2C%2051%2C%2051%29%22%2C%22colorGroupsLink%22%3A%22rgb%28255%2C%20255%2C%20255%2C%200.5%29%22%2C%22colorGroupsLinkHover%22%3A%22rgb%28255%2C%20255%2C%20255%29%22%2C%22colorGroupsLinkActive%22%3A%22rgb%28255%2C%2066%2C%2066%29%22%2C%22colorGroupsHighlightHover%22%3A%22rgb%28255%2C%2066%2C%2066%29%22%2C%22colorGroupsHighlightActive%22%3A%22rgb%28255%2C%2066%2C%2066%29%22%2C%22colorVideoBg%22%3A%22rgb%2851%2C%2051%2C%2051%29%22%2C%22colorVideoOverlay%22%3A%22rgba%2828%2C%2028%2C%2028%2C%200.9%29%22%2C%22colorVideoPlayIcon%22%3A%22rgba%28255%2C%20255%2C%20255%2C%200.4%29%22%2C%22colorVideoPlayIconHover%22%3A%22rgba%28255%2C%20255%2C%20255%2C%200.8%29%22%2C%22colorVideoDuration%22%3A%22rgb%28255%2C%20255%2C%20255%29%22%2C%22colorVideoDurationBg%22%3A%22rgba%2828%2C%2028%2C%2028%2C%200.81%29%22%2C%22colorVideoTitle%22%3A%22rgb%28200%2C%20200%2C%20200%29%22%2C%22colorVideoTitleHover%22%3A%22rgb%28200%2C%20200%2C%20200%29%22%2C%22colorVideoDate%22%3A%22rgb%28116%2C%20116%2C%20116%29%22%2C%22colorVideoDescription%22%3A%22rgb%28200%2C%20200%2C%20200%29%22%2C%22colorVideoAnchor%22%3A%22rgb%2842%2C%20163%2C%20255%29%22%2C%22colorVideoAnchorHover%22%3A%22rgb%2877%2C%20178%2C%20255%29%22%2C%22colorVideoCounters%22%3A%22rgb%28112%2C%20112%2C%20112%29%22%2C%22colorPopupBg%22%3A%22rgb%2851%2C%2051%2C%2051%29%22%2C%22colorPopupAnchor%22%3A%22rgb%2842%2C%20163%2C%20255%29%22%2C%22colorPopupAnchorHover%22%3A%22rgb%2877%2C%20178%2C%20255%29%22%2C%22colorPopupOverlay%22%3A%22rgba%280%2C%200%2C%200%2C%200.7%29%22%2C%22colorPopupTitle%22%3A%22rgb%28255%2C%20255%2C%20255%29%22%2C%22colorPopupChannelName%22%3A%22rgb%28255%2C%20255%2C%20255%29%22%2C%22colorPopupChannelNameHover%22%3A%22rgb%2877%2C%20178%2C%20255%29%22%2C%22colorPopupViewsCounter%22%3A%22rgb%28255%2C%20255%2C%20255%29%22%2C%22colorPopupLikesRatio%22%3A%22rgb%2847%2C%20165%2C%20255%29%22%2C%22colorPopupDislikesRatio%22%3A%22rgb%28100%2C%20100%2C%20100%29%22%2C%22colorPopupLikesCounter%22%3A%22rgb%28144%2C%20144%2C%20144%29%22%2C%22colorPopupDislikesCounter%22%3A%22rgb%28144%2C%20144%2C%20144%29%22%2C%22colorPopupShare%22%3A%22rgb%28144%2C%20144%2C%20144%29%22%2C%22colorPopupDate%22%3A%22rgb%28255%2C%20255%2C%20255%29%22%2C%22colorPopupDescription%22%3A%22rgb%28255%2C%20255%2C%20255%29%22%2C%22colorPopupDescriptionMoreButton%22%3A%22rgb%28120%2C%20120%2C%20120%29%22%2C%22colorPopupDescriptionMoreButtonHover%22%3A%22rgb%28255%2C%20255%2C%20255%29%22%2C%22colorPopupCommentsUsername%22%3A%22rgb%28255%2C%20255%2C%20255%29%22%2C%22colorPopupCommentsUsernameHover%22%3A%22rgb%2877%2C%20178%2C%20255%29%22%2C%22colorPopupCommentsPassedTime%22%3A%22rgb%28116%2C%20116%2C%20116%29%22%2C%22colorPopupCommentsLikes%22%3A%22rgb%28116%2C%20116%2C%20116%29%22%2C%22colorPopupCommentsText%22%3A%22rgb%28255%2C%20255%2C%20255%29%22%2C%22colorPopupControls%22%3A%22rgb%28160%2C%20160%2C%20160%29%22%2C%22colorPopupControlsHover%22%3A%22rgb%28220%2C%20220%2C%20220%29%22%2C%22colorPopupControlsMobile%22%3A%22rgb%28220%2C%20220%2C%20220%29%22%2C%22colorPopupControlsMobileBg%22%3A%22rgba%28255%2C%20255%2C%20255%2C%200%29%22%2C%22colorContentBg%22%3A%22rgb%2851%2C%2051%2C%2051%29%22%2C%22colorContentArrows%22%3A%22rgb%2834%2C%2034%2C%2034%29%22%2C%22colorContentArrowsHover%22%3A%22rgb%28255%2C%200%2C%200%29%22%2C%22colorContentArrowsBg%22%3A%22rgba%28255%2C%20255%2C%20255%2C%200.4%29%22%2C%22colorContentArrowsBgHover%22%3A%22rgba%28255%2C%20255%2C%20255%2C%200.8%29%22%2C%22colorContentScrollbarBg%22%3A%22rgb%2885%2C%2085%2C%2085%29%22%2C%22colorContentScrollbarSliderBg%22%3A%22rgba%28255%2C%20255%2C%20255%2C%200.4%29%22%2C%22lang%22%3A%22de%22%2C%22adsClient%22%3Anull%2C%22adsSlotsContent%22%3Anull%2C%22adsSlotsPopup%22%3Anull%2C%22noCookies%22%3Anull%2C%22key%22%3A%22AIzaSyAY510Uf_QIPv6ExEwvjw5EJI7itr_F9Nk%22%2C%22apiUrl%22%3A%22https%3A%5C%2F%5C%2Fwww.azabache-flamenco.de%5C%2Fwordpress%5C%2Fwp-json%5C%2Felfsight-youtube-gallery%5C%2Fapi%22%2C%22widgetId%22%3A%221%22%7D\" \n                data-elfsight-youtube-gallery-version=\"3.5.0\"\n                data-elfsight-widget-id=\"elfsight-youtube-gallery-1\">\n            <\/div>\n            \n","protected":false},"excerpt":{"rendered":"<p>\u00a0<\/p>\n","protected":false},"author":1,"featured_media":0,"parent":287,"menu_order":0,"comment_status":"closed","ping_status":"closed","template":"","meta":{"_bbp_topic_count":0,"_bbp_reply_count":0,"_bbp_total_topic_count":0,"_bbp_total_reply_count":0,"_bbp_voice_count":0,"_bbp_anonymous_reply_count":0,"_bbp_topic_count_hidden":0,"_bbp_reply_count_hidden":0,"_bbp_forum_subforum_count":0,"jetpack_post_was_ever_published":false,"footnotes":""},"class_list":["post-2230","page","type-page","status-publish","hentry"],"jetpack_sharing_enabled":true,"jetpack_shortlink":"https:\/\/wp.me\/P8gvdT-zY","jetpack-related-posts":[{"id":643,"url":"https:\/\/www.azabache-flamenco.de\/wordpress\/vita-azabache\/","url_meta":{"origin":2230,"position":0},"title":"Vita azabache Flamenco","author":"admin","date":"17. M\u00e4rz 2017","format":false,"excerpt":"2025 Sommer-Workshop\u00a0 \u201eKlein Bolonia\u201c zum sechsten Mal in Tacken, Brandenburg auf dem Hof von Guido El Tallo. Mit dabei Valle Monje und Luis El Peluca.\u00a0 Und nat\u00fcrlich Doris aus Eckernf\u00f6rde Recital in der kleinen, feinen Kirche von Tacken mit Luis (cante) und Valle\u00a0 (guitarra) Flamencoferien in Bolonia\u00a0 im Mai und\u2026","rel":"","context":"\u00c4hnlicher Beitrag","block_context":{"text":"\u00c4hnlicher Beitrag","link":""},"img":{"alt_text":"","src":"https:\/\/i0.wp.com\/www.azabache-flamenco.de\/wordpress\/wp-content\/uploads\/2026\/01\/Klein-Bolonia-2025-158-scaled.jpg?resize=350%2C200","width":350,"height":200,"srcset":"https:\/\/i0.wp.com\/www.azabache-flamenco.de\/wordpress\/wp-content\/uploads\/2026\/01\/Klein-Bolonia-2025-158-scaled.jpg?resize=350%2C200 1x, https:\/\/i0.wp.com\/www.azabache-flamenco.de\/wordpress\/wp-content\/uploads\/2026\/01\/Klein-Bolonia-2025-158-scaled.jpg?resize=525%2C300 1.5x, https:\/\/i0.wp.com\/www.azabache-flamenco.de\/wordpress\/wp-content\/uploads\/2026\/01\/Klein-Bolonia-2025-158-scaled.jpg?resize=700%2C400 2x, https:\/\/i0.wp.com\/www.azabache-flamenco.de\/wordpress\/wp-content\/uploads\/2026\/01\/Klein-Bolonia-2025-158-scaled.jpg?resize=1050%2C600 3x, https:\/\/i0.wp.com\/www.azabache-flamenco.de\/wordpress\/wp-content\/uploads\/2026\/01\/Klein-Bolonia-2025-158-scaled.jpg?resize=1400%2C800 4x"},"classes":[]},{"id":1445,"url":"https:\/\/www.azabache-flamenco.de\/wordpress\/ferien-de\/","url_meta":{"origin":2230,"position":1},"title":"Flamencoferien in Bolonia","author":"admin","date":"6. Juli 2017","format":false,"excerpt":"Bolonia, Tarifa, Andalusien, direkt am Meer Das Projekt \u201eFlamencoferien in Bolonia\u201c entstand im Mai 1996. Im Mai 2026 feiern wir das Jubil\u00e4um \"30 Jahre Bolonia\"! Das spanische Bolonia ist wie ein kleines Paradies. Im Hostal \"Los Jerezanos\" f\u00fchlt man sich sehr schnell zu Hause und man ist \u00fcberrascht von der\u2026","rel":"","context":"\u00c4hnlicher Beitrag","block_context":{"text":"\u00c4hnlicher Beitrag","link":""},"img":{"alt_text":"","src":"https:\/\/i0.wp.com\/www.azabache-flamenco.de\/wordpress\/wp-content\/uploads\/2017\/03\/que_bueno_el_vino_fino.jpg?fit=756%2C640&ssl=1&resize=350%2C200","width":350,"height":200,"srcset":"https:\/\/i0.wp.com\/www.azabache-flamenco.de\/wordpress\/wp-content\/uploads\/2017\/03\/que_bueno_el_vino_fino.jpg?fit=756%2C640&ssl=1&resize=350%2C200 1x, https:\/\/i0.wp.com\/www.azabache-flamenco.de\/wordpress\/wp-content\/uploads\/2017\/03\/que_bueno_el_vino_fino.jpg?fit=756%2C640&ssl=1&resize=525%2C300 1.5x, https:\/\/i0.wp.com\/www.azabache-flamenco.de\/wordpress\/wp-content\/uploads\/2017\/03\/que_bueno_el_vino_fino.jpg?fit=756%2C640&ssl=1&resize=700%2C400 2x"},"classes":[]},{"id":687,"url":"https:\/\/www.azabache-flamenco.de\/wordpress\/presse\/","url_meta":{"origin":2230,"position":2},"title":"PRESSE","author":"admin","date":"17. M\u00e4rz 2017","format":false,"excerpt":"Pressestimmen Flamenco ist keine Folklore, sondern ein Lebensgef\u00fchl - PURA VIDA holt es nach Berlin.Berliner Zeitung Temperamentvolle T\u00e4nze und leidenschaftliche Flamenco-Musik begeisterte das Publikum...Hamburger Abendblatt PURA VIDA verzauberte mit feurigem Flamenco!Ahrensberger Zeitung PURA VIDA brachte reine Lebensfreude in den prallgef\u00fcllten Raum...Badische Zeitung Spanische Kultur vom Feinsten begeisterte das Publikum...Mittelbadische Presse\u2026","rel":"","context":"\u00c4hnlicher Beitrag","block_context":{"text":"\u00c4hnlicher Beitrag","link":""},"img":{"alt_text":"","src":"","width":0,"height":0},"classes":[]},{"id":1592,"url":"https:\/\/www.azabache-flamenco.de\/wordpress\/ferien-en\/","url_meta":{"origin":2230,"position":3},"title":"Flamenco Course in Bolonia","author":"admin","date":"17. August 2017","format":false,"excerpt":"In Bolonia (Tarifa) on the south-west coast of Andalusia Dance, Guitar and Singing Workshop Our Projekt \u201eFlamencoferien\u201c started in May 1996. In May 2026 we will celebrate the anniversary \"30 years of Bolonia\"! Bolonia is like a small paradise. The owners from the Hostal are very kind and you can\u2026","rel":"","context":"\u00c4hnlicher Beitrag","block_context":{"text":"\u00c4hnlicher Beitrag","link":""},"img":{"alt_text":"","src":"https:\/\/i0.wp.com\/www.azabache-flamenco.de\/wordpress\/wp-content\/uploads\/2017\/05\/flamencoferien-008.jpg?resize=350%2C200","width":350,"height":200,"srcset":"https:\/\/i0.wp.com\/www.azabache-flamenco.de\/wordpress\/wp-content\/uploads\/2017\/05\/flamencoferien-008.jpg?resize=350%2C200 1x, https:\/\/i0.wp.com\/www.azabache-flamenco.de\/wordpress\/wp-content\/uploads\/2017\/05\/flamencoferien-008.jpg?resize=525%2C300 1.5x, https:\/\/i0.wp.com\/www.azabache-flamenco.de\/wordpress\/wp-content\/uploads\/2017\/05\/flamencoferien-008.jpg?resize=700%2C400 2x, https:\/\/i0.wp.com\/www.azabache-flamenco.de\/wordpress\/wp-content\/uploads\/2017\/05\/flamencoferien-008.jpg?resize=1050%2C600 3x"},"classes":[]},{"id":104,"url":"https:\/\/www.azabache-flamenco.de\/wordpress\/workshops\/","url_meta":{"origin":2230,"position":4},"title":"WORKSHOPS","author":"admin","date":"5. Januar 2017","format":false,"excerpt":"Potsdam mit Joelle Guerrero 25. April 2026 Technik und Gesang im Studiohaus, Schiffbauergasse 4g , Waschhaus Potsdam Technik1 \u00a011.30-12.30h\u00a0 Gesang\u00a0 12.30-13.30h\u00a0 Technik2 \u00a013:45-14:45h Verbindliche Anmeldung:\u00a0 joelle.guerrero@web.de Info: 0172\/1879010 Ulm mit La Mona 9.&10.Mai 2026 Infos folgen... Tacken (Priegnitz) Brandenburg 8.-12. Juli 2026 mit Joelle Guerrero & La Mona (Tanz), Isabel\u2026","rel":"","context":"\u00c4hnlicher Beitrag","block_context":{"text":"\u00c4hnlicher Beitrag","link":""},"img":{"alt_text":"","src":"","width":0,"height":0},"classes":[]},{"id":1580,"url":"https:\/\/www.azabache-flamenco.de\/wordpress\/ferien-es\/","url_meta":{"origin":2230,"position":5},"title":"Cursillo de Flamenco en Bolonia","author":"admin","date":"17. August 2017","format":false,"excerpt":"Cursillo de Flamenco en Bolonia Andaluc\u00eda, directamente en la playa, Dance, Guitar and Singing Workshop Estimados amigos del Flamenco, bienvenidos a nuestra pagina. Hemos empezado nuestro proyecto \u201cFlamencoferien\u201d in Bolonia en mayo 1996. \u00a1En mayo de 2026 celebraremos el aniversario \"30 a\u00f1os de Bolonia\"! Desde entonces tiene lugar 2 veces\u2026","rel":"","context":"\u00c4hnlicher Beitrag","block_context":{"text":"\u00c4hnlicher Beitrag","link":""},"img":{"alt_text":"","src":"https:\/\/i0.wp.com\/www.azabache-flamenco.de\/wordpress\/wp-content\/uploads\/2017\/05\/flamencoferien-008.jpg?resize=350%2C200","width":350,"height":200,"srcset":"https:\/\/i0.wp.com\/www.azabache-flamenco.de\/wordpress\/wp-content\/uploads\/2017\/05\/flamencoferien-008.jpg?resize=350%2C200 1x, https:\/\/i0.wp.com\/www.azabache-flamenco.de\/wordpress\/wp-content\/uploads\/2017\/05\/flamencoferien-008.jpg?resize=525%2C300 1.5x, https:\/\/i0.wp.com\/www.azabache-flamenco.de\/wordpress\/wp-content\/uploads\/2017\/05\/flamencoferien-008.jpg?resize=700%2C400 2x, https:\/\/i0.wp.com\/www.azabache-flamenco.de\/wordpress\/wp-content\/uploads\/2017\/05\/flamencoferien-008.jpg?resize=1050%2C600 3x"},"classes":[]}],"_links":{"self":[{"href":"https:\/\/www.azabache-flamenco.de\/wordpress\/wp-json\/wp\/v2\/pages\/2230","targetHints":{"allow":["GET"]}}],"collection":[{"href":"https:\/\/www.azabache-flamenco.de\/wordpress\/wp-json\/wp\/v2\/pages"}],"about":[{"href":"https:\/\/www.azabache-flamenco.de\/wordpress\/wp-json\/wp\/v2\/types\/page"}],"author":[{"embeddable":true,"href":"https:\/\/www.azabache-flamenco.de\/wordpress\/wp-json\/wp\/v2\/users\/1"}],"replies":[{"embeddable":true,"href":"https:\/\/www.azabache-flamenco.de\/wordpress\/wp-json\/wp\/v2\/comments?post=2230"}],"version-history":[{"count":8,"href":"https:\/\/www.azabache-flamenco.de\/wordpress\/wp-json\/wp\/v2\/pages\/2230\/revisions"}],"predecessor-version":[{"id":2281,"href":"https:\/\/www.azabache-flamenco.de\/wordpress\/wp-json\/wp\/v2\/pages\/2230\/revisions\/2281"}],"up":[{"embeddable":true,"href":"https:\/\/www.azabache-flamenco.de\/wordpress\/wp-json\/wp\/v2\/pages\/287"}],"wp:attachment":[{"href":"https:\/\/www.azabache-flamenco.de\/wordpress\/wp-json\/wp\/v2\/media?parent=2230"}],"curies":[{"name":"wp","href":"https:\/\/api.w.org\/{rel}","templated":true}]}}