{"id":1153,"date":"2017-05-04T17:16:10","date_gmt":"2017-05-04T15:16:10","guid":{"rendered":"http:\/\/www.azabache-flamenco.de\/wordpress\/?page_id=1153"},"modified":"2017-05-04T17:20:04","modified_gmt":"2017-05-04T15:20:04","slug":"links","status":"publish","type":"page","link":"https:\/\/www.azabache-flamenco.de\/wordpress\/links\/","title":{"rendered":"Links &#038; Co"},"content":{"rendered":"<p>&nbsp;<\/p>\n<h1><img data-recalc-dims=\"1\" loading=\"lazy\" decoding=\"async\" data-attachment-id=\"1158\" data-permalink=\"https:\/\/www.azabache-flamenco.de\/wordpress\/links\/0477_links\/\" data-orig-file=\"https:\/\/i0.wp.com\/www.azabache-flamenco.de\/wordpress\/wp-content\/uploads\/2017\/05\/0477_links.jpg?fit=421%2C640&amp;ssl=1\" data-orig-size=\"421,640\" data-comments-opened=\"0\" data-image-meta=\"{&quot;aperture&quot;:&quot;0&quot;,&quot;credit&quot;:&quot;&quot;,&quot;camera&quot;:&quot;&quot;,&quot;caption&quot;:&quot;&quot;,&quot;created_timestamp&quot;:&quot;0&quot;,&quot;copyright&quot;:&quot;&quot;,&quot;focal_length&quot;:&quot;0&quot;,&quot;iso&quot;:&quot;0&quot;,&quot;shutter_speed&quot;:&quot;0&quot;,&quot;title&quot;:&quot;&quot;,&quot;orientation&quot;:&quot;0&quot;}\" data-image-title=\"0477_links\" data-image-description=\"\" data-image-caption=\"\" data-large-file=\"https:\/\/i0.wp.com\/www.azabache-flamenco.de\/wordpress\/wp-content\/uploads\/2017\/05\/0477_links.jpg?fit=421%2C640&amp;ssl=1\" class=\"wp-image-1158 size-medium alignright\" src=\"https:\/\/i0.wp.com\/www.azabache-flamenco.de\/wordpress\/wp-content\/uploads\/2017\/05\/0477_links-197x300.jpg?resize=197%2C300\" alt=\"\" width=\"197\" height=\"300\" srcset=\"https:\/\/i0.wp.com\/www.azabache-flamenco.de\/wordpress\/wp-content\/uploads\/2017\/05\/0477_links.jpg?resize=197%2C300&amp;ssl=1 197w, https:\/\/i0.wp.com\/www.azabache-flamenco.de\/wordpress\/wp-content\/uploads\/2017\/05\/0477_links.jpg?w=421&amp;ssl=1 421w\" sizes=\"auto, (max-width: 197px) 100vw, 197px\" \/>Freunde und Kollegen<\/h1>\n<p><strong>Tanz<\/strong><br \/>\n<a href=\"http:\/\/www.fernando-galan.com\/\" target=\"_blank\" rel=\"noopener noreferrer\">Fernando Gal\u00e1n<\/a><br \/>\n<a href=\"http:\/\/www.flamenco-amahi.com\/\" target=\"_blank\" rel=\"noopener noreferrer\">Ana Maria Amahi<\/a><br \/>\n<a href=\"http:\/\/www.anamenjibar.com\/\" target=\"_blank\" rel=\"noopener noreferrer\">Ana Menjibar <\/a><br \/>\n<a href=\"http:\/\/www.magnamata.de\/\" target=\"_blank\" rel=\"noopener noreferrer\">Magna Mata<\/a><br \/>\n<a href=\"http:\/\/www.myspace.com\/bellalapaloma\" target=\"_blank\" rel=\"noopener noreferrer\">Bella La Paloma<\/a><br \/>\n<a href=\"http:\/\/www.blancanieves.de\/\" target=\"_blank\" rel=\"noopener noreferrer\">Blanca Nieves<\/a><br \/>\n<a href=\"http:\/\/www.flamenco-werkstatt.de\/\" target=\"_blank\" rel=\"noopener noreferrer\">Flamenco-Werkstatte<\/a><\/p>\n<p><strong>Gesang<\/strong><br \/>\n<a href=\"http:\/\/pagesperso-orange.fr\/luismonjevargas\/index.html\" target=\"_blank\" rel=\"noopener noreferrer\">Luis Monje Vargas &#8222;El Peluca&#8220;<\/a><br \/>\n<a href=\"http:\/\/www.myspace.com\/carmenlajitana\" target=\"_blank\" rel=\"noopener noreferrer\">Carmen Fernandez<\/a><\/p>\n<p><strong>Gitarre<\/strong><br \/>\n<a href=\"http:\/\/www.ulrich-gottwald.de\/\" target=\"_blank\" rel=\"noopener noreferrer\">Ulrich Gottwald &#8222;El Rizos\u201d<\/a><br \/>\n<a href=\"http:\/\/www.carlos-el-canario.de\/\" target=\"_blank\" rel=\"noopener noreferrer\">Carlos El Canario<\/a><br \/>\n<a href=\"http:\/\/www.frank-ihle-flamenco.de\/\" target=\"_blank\" rel=\"noopener noreferrer\">Frank Ihle<\/a><br \/>\n<a href=\"http:\/\/www.raykoschlee.de\/\" target=\"_blank\" rel=\"noopener noreferrer\">Rayko Schlee<\/a><\/p>\n<h1>Weitere Links<\/h1>\n<p><strong>Festivals<\/strong><br \/>\n<a href=\"http:\/\/www.festivaldejerez.es\/\" target=\"_blank\" rel=\"noopener noreferrer\">Jerez<\/a><br \/>\n<a href=\"http:\/\/www.labienal.com\/\" target=\"_blank\" rel=\"noopener noreferrer\">Bienal de Sevilla<\/a><\/p>\n<p><strong>Fotografie<\/strong><br \/>\n<a href=\"http:\/\/www.daniela-incoronato.de\/\" target=\"_blank\" rel=\"noopener noreferrer\">Daniela Incoronato<\/a><br \/>\n<a href=\"http:\/\/www.flamencofoto.de\/fotos\/\" target=\"_blank\" rel=\"noopener noreferrer\">Klaus Handner<\/a><\/p>\n<p><strong>Zeitschriften<\/strong><br \/>\n<a href=\"http:\/\/www.anda.de\/\" target=\"_blank\" rel=\"noopener noreferrer\">Anda<\/a><br \/>\n<a href=\"http:\/\/www.flamenco-world.com\/\" target=\"_blank\" rel=\"noopener noreferrer\">Flamenco-world<\/a><\/p>\n<p><strong>Sonstiges<\/strong><br \/>\n<a href=\"http:\/\/www.calzadosenovilla.com\/\" target=\"_blank\" rel=\"noopener noreferrer\">Flamenco Schuhe Senovilla<\/a><br \/>\n<a href=\"http:\/\/www.jojacobs.de\/\" target=\"_blank\" rel=\"noopener noreferrer\">jo jacobs &#8211; multimedia artist<\/a><br \/>\n<a href=\"http:\/\/www.j-apps.com\/\" target=\"_blank\" rel=\"noopener noreferrer\">j-apps &#8211; apps for iPhone<\/a><br \/>\n<a href=\"http:\/\/www.ic-multimedia.de\/\" target=\"_blank\" rel=\"noopener noreferrer\">ic-multimedia &#8211; webdesign<\/a><\/p>\n<h1>Flamenco-Literatur<\/h1>\n<p><strong>&#8222;El arte Flamenco&#8220; &#8211; Grundlagen f\u00fcr Liebhaber<\/strong><br \/>\nEin Buch, das viele Fragen beantwortet!<br \/>\nMitarbeit: La Mona<br \/>\nZu erhalten bei <a href=\"http:\/\/www.kunststueck.info\/\" target=\"_blank\" rel=\"noopener noreferrer\">www.kunststueck.info<\/a><br \/>\noder direkt bei La Mona, Tel. 01577-9759074<\/p>\n","protected":false},"excerpt":{"rendered":"<p>&nbsp; Freunde und Kollegen Tanz Fernando Gal\u00e1n Ana Maria Amahi Ana Menjibar Magna Mata Bella La Paloma Blanca Nieves Flamenco-Werkstatte Gesang Luis Monje Vargas &#8222;El Peluca&#8220; Carmen Fernandez Gitarre Ulrich Gottwald &#8222;El Rizos\u201d Carlos El Canario Frank Ihle Rayko Schlee Weitere Links Festivals Jerez Bienal de Sevilla Fotografie Daniela Incoronato Klaus Handner Zeitschriften Anda Flamenco-world &hellip; <\/p>\n<p class=\"link-more\"><a href=\"https:\/\/www.azabache-flamenco.de\/wordpress\/links\/\" class=\"more-link\"><span class=\"screen-reader-text\">\u201eLinks &#038; Co\u201c <\/span>weiterlesen<\/a><\/p>\n","protected":false},"author":1,"featured_media":0,"parent":0,"menu_order":0,"comment_status":"closed","ping_status":"closed","template":"","meta":{"_bbp_topic_count":0,"_bbp_reply_count":0,"_bbp_total_topic_count":0,"_bbp_total_reply_count":0,"_bbp_voice_count":0,"_bbp_anonymous_reply_count":0,"_bbp_topic_count_hidden":0,"_bbp_reply_count_hidden":0,"_bbp_forum_subforum_count":0,"jetpack_post_was_ever_published":false,"footnotes":""},"class_list":["post-1153","page","type-page","status-publish","hentry"],"jetpack_sharing_enabled":true,"jetpack_shortlink":"https:\/\/wp.me\/P8gvdT-iB","jetpack-related-posts":[{"id":643,"url":"https:\/\/www.azabache-flamenco.de\/wordpress\/vita-azabache\/","url_meta":{"origin":1153,"position":0},"title":"Vita azabache Flamenco","author":"admin","date":"17. M\u00e4rz 2017","format":false,"excerpt":"2025 Sommer-Workshop\u00a0 \u201eKlein Bolonia\u201c zum sechsten Mal in Tacken, Brandenburg auf dem Hof von Guido El Tallo. Mit dabei Valle Monje und Luis El Peluca.\u00a0 Und nat\u00fcrlich Doris aus Eckernf\u00f6rde Recital in der kleinen, feinen Kirche von Tacken mit Luis (cante) und Valle\u00a0 (guitarra) Flamencoferien in Bolonia\u00a0 im Mai und\u2026","rel":"","context":"\u00c4hnlicher Beitrag","block_context":{"text":"\u00c4hnlicher Beitrag","link":""},"img":{"alt_text":"","src":"https:\/\/i0.wp.com\/www.azabache-flamenco.de\/wordpress\/wp-content\/uploads\/2026\/01\/Klein-Bolonia-2025-158-scaled.jpg?resize=350%2C200","width":350,"height":200,"srcset":"https:\/\/i0.wp.com\/www.azabache-flamenco.de\/wordpress\/wp-content\/uploads\/2026\/01\/Klein-Bolonia-2025-158-scaled.jpg?resize=350%2C200 1x, https:\/\/i0.wp.com\/www.azabache-flamenco.de\/wordpress\/wp-content\/uploads\/2026\/01\/Klein-Bolonia-2025-158-scaled.jpg?resize=525%2C300 1.5x, https:\/\/i0.wp.com\/www.azabache-flamenco.de\/wordpress\/wp-content\/uploads\/2026\/01\/Klein-Bolonia-2025-158-scaled.jpg?resize=700%2C400 2x, https:\/\/i0.wp.com\/www.azabache-flamenco.de\/wordpress\/wp-content\/uploads\/2026\/01\/Klein-Bolonia-2025-158-scaled.jpg?resize=1050%2C600 3x, https:\/\/i0.wp.com\/www.azabache-flamenco.de\/wordpress\/wp-content\/uploads\/2026\/01\/Klein-Bolonia-2025-158-scaled.jpg?resize=1400%2C800 4x"},"classes":[]},{"id":106,"url":"https:\/\/www.azabache-flamenco.de\/wordpress\/unterricht\/","url_meta":{"origin":1153,"position":1},"title":"UNTERRICHT","author":"admin","date":"5. Januar 2017","format":false,"excerpt":"In Berlin mit Jo\u00eblle Guerrero Leichte Mittelstufe: \u00a0Dienstag 18-19 Uhr a comp\u00e1s Studio&Location Hasenheide 54, 10967 Berlin Info: 0172-187 9010 In Potsdam mit Jo\u00eblle Guerrero Neuer Anf\u00e4nger-Kurs ab November: Mittwoch 20:15 Uhr Anf\u00e4nger 2: Mittwoch 19:15 Uhr Mittelstufe: Donnerstag 18:30 Uhr Fortgeschrittene: Donnerstag 19:30 Uhr Waschhaus Potsdam Studiohaus Schiffbauergasse 4g\u2026","rel":"","context":"\u00c4hnlicher Beitrag","block_context":{"text":"\u00c4hnlicher Beitrag","link":""},"img":{"alt_text":"","src":"","width":0,"height":0},"classes":[]}],"_links":{"self":[{"href":"https:\/\/www.azabache-flamenco.de\/wordpress\/wp-json\/wp\/v2\/pages\/1153","targetHints":{"allow":["GET"]}}],"collection":[{"href":"https:\/\/www.azabache-flamenco.de\/wordpress\/wp-json\/wp\/v2\/pages"}],"about":[{"href":"https:\/\/www.azabache-flamenco.de\/wordpress\/wp-json\/wp\/v2\/types\/page"}],"author":[{"embeddable":true,"href":"https:\/\/www.azabache-flamenco.de\/wordpress\/wp-json\/wp\/v2\/users\/1"}],"replies":[{"embeddable":true,"href":"https:\/\/www.azabache-flamenco.de\/wordpress\/wp-json\/wp\/v2\/comments?post=1153"}],"version-history":[{"count":7,"href":"https:\/\/www.azabache-flamenco.de\/wordpress\/wp-json\/wp\/v2\/pages\/1153\/revisions"}],"predecessor-version":[{"id":1162,"href":"https:\/\/www.azabache-flamenco.de\/wordpress\/wp-json\/wp\/v2\/pages\/1153\/revisions\/1162"}],"wp:attachment":[{"href":"https:\/\/www.azabache-flamenco.de\/wordpress\/wp-json\/wp\/v2\/media?parent=1153"}],"curies":[{"name":"wp","href":"https:\/\/api.w.org\/{rel}","templated":true}]}}