{"id":104,"date":"2017-01-05T15:43:09","date_gmt":"2017-01-05T14:43:09","guid":{"rendered":"http:\/\/www.azabache-flamenco.de\/wordpress\/?page_id=104"},"modified":"2026-03-22T18:53:24","modified_gmt":"2026-03-22T17:53:24","slug":"workshops","status":"publish","type":"page","link":"https:\/\/www.azabache-flamenco.de\/wordpress\/workshops\/","title":{"rendered":"WORKSHOPS"},"content":{"rendered":"<h1><span style=\"font-size: 1.5rem;\">Potsdam mit Joelle Guerrero 25. April 2026<\/span><\/h1>\n<h2>Technik und Gesang<\/h2>\n<p><strong>im Studiohaus, Schiffbauergasse 4g , Waschhaus Potsdam<br \/>\n<\/strong><strong>Technik1 <\/strong>\u00a011.30-12.30h\u00a0 <strong>Gesang\u00a0 <\/strong>12.30-13.30h\u00a0 <strong>Technik2 <\/strong>\u00a013:45-14:45h<\/p>\n<p>Verbindliche Anmeldung:\u00a0 <a href=\"mailto:joelle.guerrero@web.de?subject=Technikkurse\">joelle.guerrero@web.de <\/a>Info: 0172\/1879010<\/p>\n<h1>Ulm mit La Mona 9.&amp;10.Mai 2026<\/h1>\n<p>Infos folgen&#8230;<\/p>\n<h1>Tacken (Priegnitz) Brandenburg 8.-12. Juli 2026<\/h1>\n<p>mit Joelle Guerrero &amp; La Mona (Tanz), Isabel Alvarez (Gesang) und Rayko Schlee (Gitarre)<\/p>\n<p>Flyer und Infos: <a href=\"https:\/\/www.azabache-flamenco.de\/wordpress\/wp-content\/uploads\/2026\/02\/Tacken-2026_Flyer.pdf\">Tacken 2026_Flyer<\/a><\/p>\n","protected":false},"excerpt":{"rendered":"<p>Potsdam mit Joelle Guerrero 25. April 2026 Technik und Gesang im Studiohaus, Schiffbauergasse 4g , Waschhaus Potsdam Technik1 \u00a011.30-12.30h\u00a0 Gesang\u00a0 12.30-13.30h\u00a0 Technik2 \u00a013:45-14:45h Verbindliche Anmeldung:\u00a0 joelle.guerrero@web.de Info: 0172\/1879010 Ulm mit La Mona 9.&amp;10.Mai 2026 Infos folgen&#8230; Tacken (Priegnitz) Brandenburg 8.-12. Juli 2026 mit Joelle Guerrero &amp; La Mona (Tanz), Isabel Alvarez (Gesang) und Rayko Schlee &hellip; <\/p>\n<p class=\"link-more\"><a href=\"https:\/\/www.azabache-flamenco.de\/wordpress\/workshops\/\" class=\"more-link\"><span class=\"screen-reader-text\">\u201eWORKSHOPS\u201c <\/span>weiterlesen<\/a><\/p>\n","protected":false},"author":1,"featured_media":0,"parent":0,"menu_order":0,"comment_status":"closed","ping_status":"closed","template":"","meta":{"_bbp_topic_count":0,"_bbp_reply_count":0,"_bbp_total_topic_count":0,"_bbp_total_reply_count":0,"_bbp_voice_count":0,"_bbp_anonymous_reply_count":0,"_bbp_topic_count_hidden":0,"_bbp_reply_count_hidden":0,"_bbp_forum_subforum_count":0,"jetpack_post_was_ever_published":false,"footnotes":""},"class_list":["post-104","page","type-page","status-publish","hentry"],"jetpack_sharing_enabled":true,"jetpack_shortlink":"https:\/\/wp.me\/P8gvdT-1G","jetpack-related-posts":[{"id":643,"url":"https:\/\/www.azabache-flamenco.de\/wordpress\/vita-azabache\/","url_meta":{"origin":104,"position":0},"title":"Vita azabache Flamenco","author":"admin","date":"17. M\u00e4rz 2017","format":false,"excerpt":"2025 Sommer-Workshop\u00a0 \u201eKlein Bolonia\u201c zum sechsten Mal in Tacken, Brandenburg auf dem Hof von Guido El Tallo. Mit dabei Valle Monje und Luis El Peluca.\u00a0 Und nat\u00fcrlich Doris aus Eckernf\u00f6rde Recital in der kleinen, feinen Kirche von Tacken mit Luis (cante) und Valle\u00a0 (guitarra) Flamencoferien in Bolonia\u00a0 im Mai und\u2026","rel":"","context":"\u00c4hnlicher Beitrag","block_context":{"text":"\u00c4hnlicher Beitrag","link":""},"img":{"alt_text":"","src":"https:\/\/i0.wp.com\/www.azabache-flamenco.de\/wordpress\/wp-content\/uploads\/2026\/01\/Klein-Bolonia-2025-158-scaled.jpg?resize=350%2C200","width":350,"height":200,"srcset":"https:\/\/i0.wp.com\/www.azabache-flamenco.de\/wordpress\/wp-content\/uploads\/2026\/01\/Klein-Bolonia-2025-158-scaled.jpg?resize=350%2C200 1x, https:\/\/i0.wp.com\/www.azabache-flamenco.de\/wordpress\/wp-content\/uploads\/2026\/01\/Klein-Bolonia-2025-158-scaled.jpg?resize=525%2C300 1.5x, https:\/\/i0.wp.com\/www.azabache-flamenco.de\/wordpress\/wp-content\/uploads\/2026\/01\/Klein-Bolonia-2025-158-scaled.jpg?resize=700%2C400 2x, https:\/\/i0.wp.com\/www.azabache-flamenco.de\/wordpress\/wp-content\/uploads\/2026\/01\/Klein-Bolonia-2025-158-scaled.jpg?resize=1050%2C600 3x, https:\/\/i0.wp.com\/www.azabache-flamenco.de\/wordpress\/wp-content\/uploads\/2026\/01\/Klein-Bolonia-2025-158-scaled.jpg?resize=1400%2C800 4x"},"classes":[]},{"id":226,"url":"https:\/\/www.azabache-flamenco.de\/wordpress\/termine\/","url_meta":{"origin":104,"position":1},"title":"TERMINE","author":"admin","date":"5. Januar 2017","format":false,"excerpt":"25. April 2026 Workshop mit Joelle Guerrero in Potsdam 9.\/10. Mai 2026 Workshop mit La Mona in Ulm 19.-29. Mai 2026 Flamenco-Ferien\u00a0 in Bolonia, Andalusien 8.-12. Juli 2026 Workshop mit azabache in Tacken \/ Brandenburg 22. Sept. - 2. Okt. 2026 Flamenco-Ferien\u00a0 in Bolonia, Andalusien \u00a0","rel":"","context":"\u00c4hnlicher Beitrag","block_context":{"text":"\u00c4hnlicher Beitrag","link":""},"img":{"alt_text":"","src":"https:\/\/i0.wp.com\/www.azabache-flamenco.de\/wordpress\/wp-content\/uploads\/2024\/01\/IMG-20230928-WA0048.jpg?resize=350%2C200","width":350,"height":200,"srcset":"https:\/\/i0.wp.com\/www.azabache-flamenco.de\/wordpress\/wp-content\/uploads\/2024\/01\/IMG-20230928-WA0048.jpg?resize=350%2C200 1x, https:\/\/i0.wp.com\/www.azabache-flamenco.de\/wordpress\/wp-content\/uploads\/2024\/01\/IMG-20230928-WA0048.jpg?resize=525%2C300 1.5x, https:\/\/i0.wp.com\/www.azabache-flamenco.de\/wordpress\/wp-content\/uploads\/2024\/01\/IMG-20230928-WA0048.jpg?resize=700%2C400 2x, https:\/\/i0.wp.com\/www.azabache-flamenco.de\/wordpress\/wp-content\/uploads\/2024\/01\/IMG-20230928-WA0048.jpg?resize=1050%2C600 3x, https:\/\/i0.wp.com\/www.azabache-flamenco.de\/wordpress\/wp-content\/uploads\/2024\/01\/IMG-20230928-WA0048.jpg?resize=1400%2C800 4x"},"classes":[]},{"id":106,"url":"https:\/\/www.azabache-flamenco.de\/wordpress\/unterricht\/","url_meta":{"origin":104,"position":2},"title":"UNTERRICHT","author":"admin","date":"5. Januar 2017","format":false,"excerpt":"In Berlin mit Jo\u00eblle Guerrero Leichte Mittelstufe: \u00a0Dienstag 18-19 Uhr a comp\u00e1s Studio&Location Hasenheide 54, 10967 Berlin Info: 0172-187 9010 In Potsdam mit Jo\u00eblle Guerrero Neuer Anf\u00e4nger-Kurs ab November: Mittwoch 20:15 Uhr Anf\u00e4nger 2: Mittwoch 19:15 Uhr Mittelstufe: Donnerstag 18:30 Uhr Fortgeschrittene: Donnerstag 19:30 Uhr Waschhaus Potsdam Studiohaus Schiffbauergasse 4g\u2026","rel":"","context":"\u00c4hnlicher Beitrag","block_context":{"text":"\u00c4hnlicher Beitrag","link":""},"img":{"alt_text":"","src":"","width":0,"height":0},"classes":[]},{"id":696,"url":"https:\/\/www.azabache-flamenco.de\/wordpress\/pressefotos\/","url_meta":{"origin":104,"position":3},"title":"PRESSEFOTOS DOWNLOAD","author":"admin","date":"17. M\u00e4rz 2017","format":false,"excerpt":"Abdruck nur mit Nennung der Fotografen","rel":"","context":"\u00c4hnlicher Beitrag","block_context":{"text":"\u00c4hnlicher Beitrag","link":""},"img":{"alt_text":"azabache Flamenco: La Mona, Foto: Marko Priske","src":"https:\/\/i0.wp.com\/www.azabache-flamenco.de\/wordpress\/wp-content\/uploads\/2017\/03\/La-Mona-rot.jpg?resize=350%2C200","width":350,"height":200,"srcset":"https:\/\/i0.wp.com\/www.azabache-flamenco.de\/wordpress\/wp-content\/uploads\/2017\/03\/La-Mona-rot.jpg?resize=350%2C200 1x, https:\/\/i0.wp.com\/www.azabache-flamenco.de\/wordpress\/wp-content\/uploads\/2017\/03\/La-Mona-rot.jpg?resize=525%2C300 1.5x, https:\/\/i0.wp.com\/www.azabache-flamenco.de\/wordpress\/wp-content\/uploads\/2017\/03\/La-Mona-rot.jpg?resize=700%2C400 2x, https:\/\/i0.wp.com\/www.azabache-flamenco.de\/wordpress\/wp-content\/uploads\/2017\/03\/La-Mona-rot.jpg?resize=1050%2C600 3x"},"classes":[]},{"id":834,"url":"https:\/\/www.azabache-flamenco.de\/wordpress\/impressum\/","url_meta":{"origin":104,"position":4},"title":"IMPRESSUM","author":"admin","date":"23. M\u00e4rz 2017","format":false,"excerpt":"azabache FLAMENCO F\u00fcrbringerstr. 12 D -10961 Berlin Tel: 030 \/ 6912017 eMail: info@azabache-flamenco.de Inhaltlich verantwortlich gem\u00e4\u00df \u00a7 18 Abs. 2 MStV: Jo\u00eblle Guerrero & La Mona (Anschrift wie oben) Webdesign: Jo Jacobs www.ic-multimedia.de Fotos auf dieser Webseite: Fabian Dill, Ullrich Gessner, Daniela Incoronato, Carsten Jost, Thomas Kiehl, Lucas Nagel, Marko\u2026","rel":"","context":"\u00c4hnlicher Beitrag","block_context":{"text":"\u00c4hnlicher Beitrag","link":""},"img":{"alt_text":"","src":"","width":0,"height":0},"classes":[]},{"id":1153,"url":"https:\/\/www.azabache-flamenco.de\/wordpress\/links\/","url_meta":{"origin":104,"position":5},"title":"Links &#038; Co","author":"admin","date":"4. Mai 2017","format":false,"excerpt":"\u00a0 Freunde und Kollegen Tanz Fernando Gal\u00e1n Ana Maria Amahi Ana Menjibar Magna Mata Bella La Paloma Blanca Nieves Flamenco-Werkstatte Gesang Luis Monje Vargas \"El Peluca\" Carmen Fernandez Gitarre Ulrich Gottwald \"El Rizos\u201d Carlos El Canario Frank Ihle Rayko Schlee Weitere Links Festivals Jerez Bienal de Sevilla Fotografie Daniela Incoronato\u2026","rel":"","context":"\u00c4hnlicher Beitrag","block_context":{"text":"\u00c4hnlicher Beitrag","link":""},"img":{"alt_text":"","src":"https:\/\/i0.wp.com\/www.azabache-flamenco.de\/wordpress\/wp-content\/uploads\/2017\/05\/0477_links-197x300.jpg?resize=350%2C200","width":350,"height":200},"classes":[]}],"_links":{"self":[{"href":"https:\/\/www.azabache-flamenco.de\/wordpress\/wp-json\/wp\/v2\/pages\/104","targetHints":{"allow":["GET"]}}],"collection":[{"href":"https:\/\/www.azabache-flamenco.de\/wordpress\/wp-json\/wp\/v2\/pages"}],"about":[{"href":"https:\/\/www.azabache-flamenco.de\/wordpress\/wp-json\/wp\/v2\/types\/page"}],"author":[{"embeddable":true,"href":"https:\/\/www.azabache-flamenco.de\/wordpress\/wp-json\/wp\/v2\/users\/1"}],"replies":[{"embeddable":true,"href":"https:\/\/www.azabache-flamenco.de\/wordpress\/wp-json\/wp\/v2\/comments?post=104"}],"version-history":[{"count":116,"href":"https:\/\/www.azabache-flamenco.de\/wordpress\/wp-json\/wp\/v2\/pages\/104\/revisions"}],"predecessor-version":[{"id":4529,"href":"https:\/\/www.azabache-flamenco.de\/wordpress\/wp-json\/wp\/v2\/pages\/104\/revisions\/4529"}],"wp:attachment":[{"href":"https:\/\/www.azabache-flamenco.de\/wordpress\/wp-json\/wp\/v2\/media?parent=104"}],"curies":[{"name":"wp","href":"https:\/\/api.w.org\/{rel}","templated":true}]}}